{"id":10019509,"date":"2025-05-10T22:20:34","date_gmt":"2025-05-10T22:20:34","guid":{"rendered":"http:\/\/localhost\/myjabox.com\/?post_type=product&#038;p=10019509"},"modified":"2026-02-02T16:07:27","modified_gmt":"2026-02-02T16:07:27","slug":"10019509","status":"publish","type":"product","link":"https:\/\/876box.com\/pt\/produto\/10019509\/","title":{"rendered":"Caribbean Dreams Ginger-Turmeric 20 bags <span class=\"token-title-suffix\" aria-hidden=\"true\">(1 token)<\/span>"},"content":{"rendered":"<p class=\"p1\">experimente a mistura reconfortante de <span class=\"s1\"><b>c\u00farcuma e gengibre<\/b><\/span> neste ch\u00e1 de ervas Caribbean Dreams \u2014 um favorito nos lares jamaicanos h\u00e1 gera\u00e7\u00f5es.<\/p>\n<p class=\"p1\">Naturalmente sem cafe\u00edna, este ch\u00e1 \u00e9 perfeito para relaxar, ajudar na digest\u00e3o ou apenas aquecer com o sabor terroso do a\u00e7afr\u00e3o e o toque do gengibre.<\/p>\n<p class=\"p1\">Cada caixa cont\u00e9m <span class=\"s1\"><b>20 saquinhos de ch\u00e1 embalados individualmente<\/b><\/span>, tornando mais f\u00e1cil desfrutar de uma x\u00edcara fresca a qualquer hora.<\/p>\n<p class=\"p3\"><b>Por que voc\u00ea vai adorar:<\/b><\/p>\n<ul>\n<li>\n<p class=\"p1\">100% ch\u00e1 de ervas natural sem cafe\u00edna<\/p>\n<\/li>\n<li>\n<p class=\"p1\">Infundido com a\u00e7afr\u00e3o (haldi) e gengibre<\/p>\n<\/li>\n<li>\n<p class=\"p1\">Apoia a sa\u00fade imunol\u00f3gica e digestiva<\/p>\n<\/li>\n<li>\n<p class=\"p1\">Feito na Jamaica<\/p>\n<\/li>\n<li>\n<p class=\"p1\">20 sach\u00eas de ch\u00e1 envelopados (32g no total)<\/p>\n<\/li>\n<\/ul>\n<p>&nbsp;<\/p>\n<p class=\"p1\">Escolha-o como um <span class=\"s1\"><b>complemento para seu 876Box<\/b><\/span>, ou compre e adicione \u00e0 sua caixa &quot;fa\u00e7a voc\u00ea mesmo&quot; \u2014 \u00f3timo para amantes de ch\u00e1 e f\u00e3s de bem-estar.<\/p>","protected":false},"excerpt":{"rendered":"<p>Ch\u00e1 de ervas sem cafe\u00edna, com infus\u00e3o de c\u00farcuma e gengibre \u2014 uma mistura jamaicana suave e saborosa.<br \/>\n20 sach\u00eas de ch\u00e1 por caixa<br \/>\nAdicione ao seu 876Box ou aproveite como um refor\u00e7o de bem-estar independente.<\/p>","protected":false},"featured_media":10019516,"comment_status":"open","ping_status":"closed","template":"","meta":{"om_disable_all_campaigns":false,"_mi_skip_tracking":false},"product_brand":[],"product_cat":[129,130,135],"product_tag":[141,142,140,137,138,139,136,143],"class_list":{"0":"post-10019509","1":"product","2":"type-product","3":"status-publish","4":"has-post-thumbnail","6":"product_cat-add-ons","7":"product_cat-beverages","8":"product_cat-teas","9":"product_tag-876box","10":"product_tag-caffeine-free","11":"product_tag-caribbean-dreams","12":"product_tag-ginger","13":"product_tag-herbal-tea","14":"product_tag-jamaican-tea","15":"product_tag-turmeric","16":"product_tag-wellness","17":"tm-no-options","19":"first","20":"instock","21":"shipping-taxable","22":"purchasable","23":"product-type-simple"},"bundled_by":[],"bundle_stock_status":"instock","bundle_stock_quantity":50,"bundle_virtual":false,"bundle_layout":"","bundle_add_to_cart_form_location":"","bundle_editable_in_cart":false,"bundle_sold_individually_context":"","bundle_item_grouping":"","bundle_min_size":"","bundle_max_size":"","bundle_price":[],"bundled_items":[],"bundle_sell_ids":[],"_links":{"self":[{"href":"https:\/\/876box.com\/pt\/wp-json\/wp\/v2\/product\/10019509","targetHints":{"allow":["GET"]}}],"collection":[{"href":"https:\/\/876box.com\/pt\/wp-json\/wp\/v2\/product"}],"about":[{"href":"https:\/\/876box.com\/pt\/wp-json\/wp\/v2\/types\/product"}],"replies":[{"embeddable":true,"href":"https:\/\/876box.com\/pt\/wp-json\/wp\/v2\/comments?post=10019509"}],"version-history":[{"count":2,"href":"https:\/\/876box.com\/pt\/wp-json\/wp\/v2\/product\/10019509\/revisions"}],"predecessor-version":[{"id":10019513,"href":"https:\/\/876box.com\/pt\/wp-json\/wp\/v2\/product\/10019509\/revisions\/10019513"}],"wp:featuredmedia":[{"embeddable":true,"href":"https:\/\/876box.com\/pt\/wp-json\/wp\/v2\/media\/10019516"}],"wp:attachment":[{"href":"https:\/\/876box.com\/pt\/wp-json\/wp\/v2\/media?parent=10019509"}],"wp:term":[{"taxonomy":"product_brand","embeddable":true,"href":"https:\/\/876box.com\/pt\/wp-json\/wp\/v2\/product_brand?post=10019509"},{"taxonomy":"product_cat","embeddable":true,"href":"https:\/\/876box.com\/pt\/wp-json\/wp\/v2\/product_cat?post=10019509"},{"taxonomy":"product_tag","embeddable":true,"href":"https:\/\/876box.com\/pt\/wp-json\/wp\/v2\/product_tag?post=10019509"}],"curies":[{"name":"wp","href":"https:\/\/api.w.org\/{rel}","templated":true}]}}