{"id":10019710,"date":"2025-05-18T19:53:55","date_gmt":"2025-05-18T19:53:55","guid":{"rendered":"http:\/\/localhost\/myjabox.com\/?post_type=product&#038;p=10019710"},"modified":"2026-02-02T16:07:30","modified_gmt":"2026-02-02T16:07:30","slug":"build-your-own-elite-box","status":"publish","type":"product","link":"https:\/\/876box.com\/fr\/produit\/build-your-own-elite-box\/","title":{"rendered":"Construisez votre propre Elite Box"},"content":{"rendered":"<div style=\"background: #f8f8f8; padding: 15px; margin-bottom: 20px; border-left: 4px solid #064A30;\">\n<h3>Cr\u00e9ez votre propre syst\u00e8me 876BOX \u2013 20 jetons<\/h3>\n<p>Offrez-vous l&#039;exp\u00e9rience insulaire ultime avec la Box \u00c9lite. Choisissez jusqu&#039;\u00e0 <strong>20 jetons<\/strong> d&#039;authentiques produits jama\u00efcains. Chaque article affiche clairement sa valeur symbolique.<\/p>\n<p><strong>Directives relatives aux jetons\u00a0:<\/strong><\/p>\n<ul>\n<li>Les collations co\u00fbtent g\u00e9n\u00e9ralement 1 jeton chacune<\/li>\n<li>Les boissons et les assaisonnements co\u00fbtent g\u00e9n\u00e9ralement 2 jetons chacun<\/li>\n<li>Les articles premium comme Ackee et Callaloo co\u00fbtent 3 jetons chacun<\/li>\n<\/ul>\n<p>Choisissez au moins 7 articles, m\u00e9langez-les et associez-les, puis suivez le solde de vos jetons au fur et \u00e0 mesure.<\/p>\n<\/div>\n<p>Chaque Elite Box comprend :<\/p>\n<ul>\n<li>Livraison gratuite au Royaume-Uni<\/li>\n<li>Emballage de marque premium 876BOX<\/li>\n<li>Une recette culturelle\/fiche d&#039;information \u00e0 l&#039;int\u00e9rieur<\/li>\n<li>\u00c9chantillon ou cadeau bonus exclusif<\/li>\n<\/ul>","protected":false},"excerpt":{"rendered":"<p>Cr\u00e9ez votre exp\u00e9rience jama\u00efcaine personnalis\u00e9e avec 10 jetons \u00e0 d\u00e9penser sur les plats authentiques de l&#039;\u00eele<\/p>","protected":false},"featured_media":10019634,"comment_status":"open","ping_status":"closed","template":"","meta":{"om_disable_all_campaigns":false,"_mi_skip_tracking":false},"product_brand":[],"product_cat":[238],"product_tag":[141,240,239],"class_list":{"0":"post-10019710","1":"product","2":"type-product","3":"status-publish","4":"has-post-thumbnail","6":"product_cat-build-your-own","7":"product_tag-876box","8":"product_tag-build-your-own","9":"product_tag-mini-box","10":"product_shipping_class-box-under-1kg","11":"tm-no-options","13":"first","14":"instock","15":"shipping-taxable","16":"purchasable","17":"product-type-bopobb"},"bundled_by":[],"bundle_stock_status":"instock","bundle_stock_quantity":null,"bundle_virtual":false,"bundle_layout":"","bundle_add_to_cart_form_location":"","bundle_editable_in_cart":false,"bundle_sold_individually_context":"","bundle_item_grouping":"","bundle_min_size":"","bundle_max_size":"","bundle_price":[],"bundled_items":[],"bundle_sell_ids":[],"_links":{"self":[{"href":"https:\/\/876box.com\/fr\/wp-json\/wp\/v2\/product\/10019710","targetHints":{"allow":["GET"]}}],"collection":[{"href":"https:\/\/876box.com\/fr\/wp-json\/wp\/v2\/product"}],"about":[{"href":"https:\/\/876box.com\/fr\/wp-json\/wp\/v2\/types\/product"}],"replies":[{"embeddable":true,"href":"https:\/\/876box.com\/fr\/wp-json\/wp\/v2\/comments?post=10019710"}],"version-history":[{"count":2,"href":"https:\/\/876box.com\/fr\/wp-json\/wp\/v2\/product\/10019710\/revisions"}],"predecessor-version":[{"id":10019779,"href":"https:\/\/876box.com\/fr\/wp-json\/wp\/v2\/product\/10019710\/revisions\/10019779"}],"wp:featuredmedia":[{"embeddable":true,"href":"https:\/\/876box.com\/fr\/wp-json\/wp\/v2\/media\/10019634"}],"wp:attachment":[{"href":"https:\/\/876box.com\/fr\/wp-json\/wp\/v2\/media?parent=10019710"}],"wp:term":[{"taxonomy":"product_brand","embeddable":true,"href":"https:\/\/876box.com\/fr\/wp-json\/wp\/v2\/product_brand?post=10019710"},{"taxonomy":"product_cat","embeddable":true,"href":"https:\/\/876box.com\/fr\/wp-json\/wp\/v2\/product_cat?post=10019710"},{"taxonomy":"product_tag","embeddable":true,"href":"https:\/\/876box.com\/fr\/wp-json\/wp\/v2\/product_tag?post=10019710"}],"curies":[{"name":"wp","href":"https:\/\/api.w.org\/{rel}","templated":true}]}}