{"id":10019630,"date":"2025-05-16T13:36:04","date_gmt":"2025-05-16T13:36:04","guid":{"rendered":"http:\/\/localhost\/myjabox.com\/product\/build-your-own-mini-box\/"},"modified":"2026-02-02T16:07:30","modified_gmt":"2026-02-02T16:07:30","slug":"build-your-own-mini-box","status":"publish","type":"product","link":"https:\/\/876box.com\/fr\/produit\/build-your-own-mini-box\/","title":{"rendered":"Construisez votre propre mini-bo\u00eete"},"content":{"rendered":"<p>Cr\u00e9ez votre propre exp\u00e9rience culinaire jama\u00efcaine avec notre Mini Box. Contient 10 jetons pour composer vos gourmandises pr\u00e9f\u00e9r\u00e9es des \u00eeles. Id\u00e9al pour les petits app\u00e9tits ou les novices.<\/p>\n<div style=\"background: #f8f8f8; padding: 15px; margin-bottom: 20px; border-left: 4px solid #064A30;\">\n<h3>Cr\u00e9ez votre propre syst\u00e8me 876BOX \u2013 15 jetons<\/h3>\n<p>S\u00e9lectionnez vos produits jama\u00efcains pr\u00e9f\u00e9r\u00e9s d&#039;une valeur allant jusqu&#039;\u00e0 <strong>15 jetons au total<\/strong>Chaque produit indique sa valeur symbolique dans le nom.<\/p>\n<p><strong>Directives relatives aux jetons\u00a0:<\/strong><\/p>\n<ul>\n<li>Les collations co\u00fbtent g\u00e9n\u00e9ralement 1 jeton chacune<\/li>\n<li>Les boissons et les assaisonnements co\u00fbtent g\u00e9n\u00e9ralement 2 jetons chacun<\/li>\n<li>Premium items like Callaloo are 3 tokens each<\/li>\n<\/ul>\n<p>Choisissez au moins 5 objets et gardez une trace de votre total de jetons au fur et \u00e0 mesure.<\/p>\n<\/div>\n<p>Chaque Coffret Classique comprend :<\/p>\n<ul>\n<li>Livraison gratuite au Royaume-Uni<\/li>\n<li>Emballage de marque 876BOX<\/li>\n<li>Une recette culturelle\/fiche d&#039;information \u00e0 l&#039;int\u00e9rieur<\/li>\n<\/ul>","protected":false},"excerpt":{"rendered":"<p>Cr\u00e9ez votre exp\u00e9rience jama\u00efcaine personnalis\u00e9e avec 10 jetons \u00e0 d\u00e9penser sur les plats authentiques de l&#039;\u00eele<\/p>","protected":false},"featured_media":10019634,"comment_status":"open","ping_status":"closed","template":"","meta":{"om_disable_all_campaigns":false,"_mi_skip_tracking":false},"product_brand":[],"product_cat":[238],"product_tag":[141,240,239],"class_list":{"0":"post-10019630","1":"product","2":"type-product","3":"status-publish","4":"has-post-thumbnail","6":"product_cat-build-your-own","7":"product_tag-876box","8":"product_tag-build-your-own","9":"product_tag-mini-box","10":"product_shipping_class-box-under-1kg","11":"tm-no-options","13":"first","14":"instock","15":"shipping-taxable","16":"purchasable","17":"product-type-bopobb"},"bundled_by":[],"bundle_stock_status":"instock","bundle_stock_quantity":null,"bundle_virtual":false,"bundle_layout":"","bundle_add_to_cart_form_location":"","bundle_editable_in_cart":false,"bundle_sold_individually_context":"","bundle_item_grouping":"","bundle_min_size":"","bundle_max_size":"","bundle_price":[],"bundled_items":[],"bundle_sell_ids":[],"_links":{"self":[{"href":"https:\/\/876box.com\/fr\/wp-json\/wp\/v2\/product\/10019630","targetHints":{"allow":["GET"]}}],"collection":[{"href":"https:\/\/876box.com\/fr\/wp-json\/wp\/v2\/product"}],"about":[{"href":"https:\/\/876box.com\/fr\/wp-json\/wp\/v2\/types\/product"}],"replies":[{"embeddable":true,"href":"https:\/\/876box.com\/fr\/wp-json\/wp\/v2\/comments?post=10019630"}],"version-history":[{"count":2,"href":"https:\/\/876box.com\/fr\/wp-json\/wp\/v2\/product\/10019630\/revisions"}],"predecessor-version":[{"id":10019659,"href":"https:\/\/876box.com\/fr\/wp-json\/wp\/v2\/product\/10019630\/revisions\/10019659"}],"wp:featuredmedia":[{"embeddable":true,"href":"https:\/\/876box.com\/fr\/wp-json\/wp\/v2\/media\/10019634"}],"wp:attachment":[{"href":"https:\/\/876box.com\/fr\/wp-json\/wp\/v2\/media?parent=10019630"}],"wp:term":[{"taxonomy":"product_brand","embeddable":true,"href":"https:\/\/876box.com\/fr\/wp-json\/wp\/v2\/product_brand?post=10019630"},{"taxonomy":"product_cat","embeddable":true,"href":"https:\/\/876box.com\/fr\/wp-json\/wp\/v2\/product_cat?post=10019630"},{"taxonomy":"product_tag","embeddable":true,"href":"https:\/\/876box.com\/fr\/wp-json\/wp\/v2\/product_tag?post=10019630"}],"curies":[{"name":"wp","href":"https:\/\/api.w.org\/{rel}","templated":true}]}}