{"id":10019440,"date":"2025-05-03T11:19:41","date_gmt":"2025-05-03T11:19:41","guid":{"rendered":"http:\/\/localhost\/myjabox.com\/?post_type=product&#038;p=10019440"},"modified":"2026-04-01T21:26:44","modified_gmt":"2026-04-01T21:26:44","slug":"mini-plus-box","status":"publish","type":"product","link":"https:\/\/876box.com\/es\/producto\/mini-plus-box\/","title":{"rendered":"Caja Mini Plus"},"content":{"rendered":"<h3><\/h3>\n<h3><b>Mini Plus Jamaican Box \u2013 7-8 Items, Always Authentic<\/b><\/h3>\n<p>&nbsp;<\/p>\n<p class=\"p3\">Obtenga un sabor de Jamaica en cada caja con este <span class=\"s2\"><b>rotating 7-8 item selection<\/b><\/span> of authentic non-perishable goods. Whether you&#8217;re craving snacks, staples, or a little bit of everything, the Mini Plus Box delivers a curated mix of Jamaican favourites to match your chosen theme.<\/p>\n<h4><b>\u2714 Elija entre<\/b><\/h4>\n<p>&nbsp;<\/p>\n<ul>\n<li>\n<p class=\"p1\"><span class=\"s1\"><b>Desayuno Yaad<\/b><\/span> \u2013 Traditional morning favourites<\/p>\n<\/li>\n<li>\n<p class=\"p1\"><span class=\"s1\"><b>Imprescindibles de la isla<\/b><\/span> \u2013 Imprescindibles de la despensa para todos los d\u00edas<\/p>\n<\/li>\n<li>\n<p class=\"p1\"><span class=\"s1\"><b>Isla de las Especias<\/b><\/span> \u2013 Authentic seasonings and flavour enhancers<\/p>\n<\/li>\n<li>\n<p class=\"p1\"><span class=\"s1\"><b>Cena del domingo<\/b><\/span> \u2013 Classic meal preparation staples<\/p>\n<\/li>\n<li>\n<p class=\"p1\"><span class=\"s1\"><b>Bake Off<\/b><\/span> \u2013 Caribbean baking essentials with authentic flavours<\/p>\n<\/li>\n<\/ul>\n<p>&nbsp;<\/p>\n<p class=\"p3\">Cada caja est\u00e1 cuidadosamente embalada para reflejar el verdadero esp\u00edritu de la cultura gastron\u00f3mica jamaiquina: sin rellenos, solo sabor real.<\/p>\n<p class=\"p1\">Caja jamaiquina de 7 art\u00edculos. Elige tu tem\u00e1tica.<\/p>","protected":false},"excerpt":{"rendered":"<p>7\u20118 tem Jamaican box. Choose your theme.<\/p>","protected":false},"featured_media":10019430,"comment_status":"open","ping_status":"closed","template":"","meta":{"om_disable_all_campaigns":false,"_mi_skip_tracking":false},"product_brand":[],"product_cat":[235],"product_tag":[],"class_list":{"0":"post-10019440","1":"product","2":"type-product","3":"status-publish","4":"has-post-thumbnail","6":"product_cat-pre-made-boxes","7":"product_shipping_class-box-under-2kg","8":"tm-no-options","10":"first","11":"instock","12":"shipping-taxable","13":"purchasable","14":"product-type-variable"},"bundled_by":[],"bundle_stock_status":"instock","bundle_stock_quantity":null,"bundle_virtual":false,"bundle_layout":"","bundle_add_to_cart_form_location":"","bundle_editable_in_cart":false,"bundle_sold_individually_context":"","bundle_item_grouping":"","bundle_min_size":"","bundle_max_size":"","bundle_price":[],"bundled_items":[],"bundle_sell_ids":[],"_links":{"self":[{"href":"https:\/\/876box.com\/es\/wp-json\/wp\/v2\/product\/10019440","targetHints":{"allow":["GET"]}}],"collection":[{"href":"https:\/\/876box.com\/es\/wp-json\/wp\/v2\/product"}],"about":[{"href":"https:\/\/876box.com\/es\/wp-json\/wp\/v2\/types\/product"}],"replies":[{"embeddable":true,"href":"https:\/\/876box.com\/es\/wp-json\/wp\/v2\/comments?post=10019440"}],"version-history":[{"count":4,"href":"https:\/\/876box.com\/es\/wp-json\/wp\/v2\/product\/10019440\/revisions"}],"predecessor-version":[{"id":10019444,"href":"https:\/\/876box.com\/es\/wp-json\/wp\/v2\/product\/10019440\/revisions\/10019444"}],"wp:featuredmedia":[{"embeddable":true,"href":"https:\/\/876box.com\/es\/wp-json\/wp\/v2\/media\/10019430"}],"wp:attachment":[{"href":"https:\/\/876box.com\/es\/wp-json\/wp\/v2\/media?parent=10019440"}],"wp:term":[{"taxonomy":"product_brand","embeddable":true,"href":"https:\/\/876box.com\/es\/wp-json\/wp\/v2\/product_brand?post=10019440"},{"taxonomy":"product_cat","embeddable":true,"href":"https:\/\/876box.com\/es\/wp-json\/wp\/v2\/product_cat?post=10019440"},{"taxonomy":"product_tag","embeddable":true,"href":"https:\/\/876box.com\/es\/wp-json\/wp\/v2\/product_tag?post=10019440"}],"curies":[{"name":"wp","href":"https:\/\/api.w.org\/{rel}","templated":true}]}}